{"id":1295,"date":"2025-06-08T18:36:43","date_gmt":"2025-06-08T16:36:43","guid":{"rendered":"https:\/\/www.fiaker-salzburg.at\/city-tour\/"},"modified":"2025-06-08T18:36:43","modified_gmt":"2025-06-08T16:36:43","slug":"city-tour","status":"publish","type":"page","link":"https:\/\/www.fiaker-salzburg.at\/en\/city-tour\/","title":{"rendered":"City tour"},"content":{"rendered":"<div class=\"fusion-fullwidth fullwidth-box fusion-builder-row-1 hundred-percent-fullwidth non-hundred-percent-height-scrolling\" style=\"--awb-border-radius-top-left:0px;--awb-border-radius-top-right:0px;--awb-border-radius-bottom-right:0px;--awb-border-radius-bottom-left:0px;--awb-overflow:visible;--awb-flex-wrap:wrap;\" ><div class=\"fusion-builder-row fusion-row\"><div class=\"fusion-layout-column fusion_builder_column fusion-builder-column-0 fusion_builder_column_1_1 1_1 fusion-one-full fusion-column-first fusion-column-last fusion-column-no-min-height\" style=\"--awb-bg-size:cover;--awb-margin-bottom:0px;\"><div class=\"fusion-column-wrapper fusion-flex-column-wrapper-legacy\"><div class=\"fusion-title title fusion-title-1 sep-underline sep-solid fusion-title-text fusion-title-size-one\" style=\"--awb-sep-color:#29305e;\"><h1 class=\"fusion-title-heading title-heading-left\" style=\"margin:0;\">The most beautiful sights in Salzburg to the left and right of the Salzach<\/h1><\/div><div class=\"fusion-clearfix\"><\/div><\/div><\/div><div class=\"fusion-layout-column fusion_builder_column fusion-builder-column-1 fusion_builder_column_1_1 1_1 fusion-one-full fusion-column-first fusion-column-last fusion-column-no-min-height\" style=\"--awb-bg-size:cover;--awb-margin-bottom:0px;\"><div class=\"fusion-column-wrapper fusion-flex-column-wrapper-legacy\"><div class=\"fusion-title title fusion-title-2 fusion-title-text fusion-title-size-two\"><h2 class=\"fusion-title-heading title-heading-left\" style=\"margin:0;\">City tour 1 &#8211; Salzburg&#8217;s old and new town, impressive squares and historic alleyways<\/h2><span class=\"awb-title-spacer\"><\/span><div class=\"title-sep-container\"><div class=\"title-sep sep-single sep-solid\" style=\"border-color:#e0dede;\"><\/div><\/div><\/div><div class=\"fusion-clearfix\"><\/div><\/div><\/div><div class=\"fusion-layout-column fusion_builder_column fusion-builder-column-2 fusion_builder_column_2_3 2_3 fusion-two-third fusion-column-first\" style=\"--awb-bg-size:cover;width:65.3333%; margin-right: 4%;\"><div class=\"fusion-column-wrapper fusion-flex-column-wrapper-legacy\"><div class=\"fusion-text fusion-text-1\" style=\"--awb-text-transform:none;\"><p>We pick you up in the old town or from your hotel, followed by a city tour and drop-off in the old town area.<\/p>\n<p>Via Residenzplatz, Kapitelplatz, Domplatz, Franziskanergasse and along the large and small Festspielhaus. Here past the Pferdeschwemme (Karajanplatz), down M\u00fcnzgasse, Griesgasse, AVA-Haus, over the Staatsbr\u00fccke, Landestheater, Marionettentheater, Mozarteum, along the Elisabethkai, Evangelische Christuskirche, Kurhaus, Mirabellplatz, Mirabell Palace, Makartplatz, Mozart&#8217;s residence, Hotel Sacher (\u00d6sterreichischer Hof), over the Staatsbr\u00fccke to the AVA-Haus, along the Salzach to the Haus der Natur, M\u00f6nchsbergaufzug, St. Blasiuskirche, past Getreidegasse to the B\u00fcrgerspital, back along the Festspielhaus, Rupertinum and Sigmund-Haffner-Gasse, Caf\u00e9 Tomaselli, Alter Markt and back to the starting point. Blasiuskirche, past the Getreidegasse to the B\u00fcrgerspital, back at the festival halls, Rupertinum and Sigmund-Haffner-Gasse, Caf\u00e9 Tomaselli, Alter Markt and back to the starting point Residenzplatz.<\/p>\n<p>Duration: 50 minutes<br \/>\nPrice per carriage 4-5 people from Euro 245.00<br \/>\nPrice per party carriage 10 people from Euro 450.00<\/p>\n<\/div><div class=\"fusion-clearfix\"><\/div><\/div><\/div><div class=\"fusion-layout-column fusion_builder_column fusion-builder-column-3 fusion_builder_column_1_3 1_3 fusion-one-third fusion-column-last\" style=\"--awb-bg-size:cover;width:30.6666%;\"><div class=\"fusion-column-wrapper fusion-flex-column-wrapper-legacy\"><div class=\"fusion-image-element in-legacy-container\" style=\"--awb-caption-title-font-family:var(--h2_typography-font-family);--awb-caption-title-font-weight:var(--h2_typography-font-weight);--awb-caption-title-font-style:var(--h2_typography-font-style);--awb-caption-title-size:var(--h2_typography-font-size);--awb-caption-title-transform:var(--h2_typography-text-transform);--awb-caption-title-line-height:var(--h2_typography-line-height);--awb-caption-title-letter-spacing:var(--h2_typography-letter-spacing);\"><span class=\" fusion-imageframe imageframe-none imageframe-1 hover-type-none\"><img decoding=\"async\" width=\"300\" height=\"150\" title=\"0204_alte_residenz_013\" src=\"data:image\/svg+xml,%3Csvg%20xmlns%3D%27http%3A%2F%2Fwww.w3.org%2F2000%2Fsvg%27%20width%3D%272000%27%20height%3D%271000%27%20viewBox%3D%270%200%202000%201000%27%3E%3Crect%20width%3D%272000%27%20height%3D%271000%27%20fill-opacity%3D%220%22%2F%3E%3C%2Fsvg%3E\" data-orig-src=\"https:\/\/www.fiaker-salzburg.at\/wp-content\/uploads\/2014\/12\/0204_alte_residenz_013-300x150.jpg\" alt class=\"lazyload img-responsive wp-image-53\"\/><\/span><\/div><div class=\"fusion-clearfix\"><\/div><\/div><\/div><div class=\"fusion-layout-column fusion_builder_column fusion-builder-column-4 fusion_builder_column_1_1 1_1 fusion-one-full fusion-column-first fusion-column-last fusion-column-no-min-height\" style=\"--awb-bg-size:cover;--awb-margin-bottom:0px;\"><div class=\"fusion-column-wrapper fusion-flex-column-wrapper-legacy\"><div class=\"fusion-title title fusion-title-3 sep-underline sep-solid fusion-title-text fusion-title-size-one\" style=\"--awb-sep-color:#29305e;\"><h1 class=\"fusion-title-heading title-heading-left\" style=\"margin:0;\">A horse-drawn carriage and carriage ride into the countryside<\/h1><\/div><div class=\"fusion-clearfix\"><\/div><\/div><\/div><div class=\"fusion-layout-column fusion_builder_column fusion-builder-column-5 fusion_builder_column_1_1 1_1 fusion-one-full fusion-column-first fusion-column-last fusion-column-no-min-height\" style=\"--awb-bg-size:cover;--awb-margin-bottom:0px;\"><div class=\"fusion-column-wrapper fusion-flex-column-wrapper-legacy\"><div class=\"fusion-title title fusion-title-4 fusion-title-text fusion-title-size-two\"><h2 class=\"fusion-title-heading title-heading-left\" style=\"margin:0;\">City tour 2 &#8211; Impressions of the city &amp; countryside of Salzburg<\/h2><span class=\"awb-title-spacer\"><\/span><div class=\"title-sep-container\"><div class=\"title-sep sep-single sep-solid\" style=\"border-color:#e0dede;\"><\/div><\/div><\/div><div class=\"fusion-clearfix\"><\/div><\/div><\/div><div class=\"fusion-layout-column fusion_builder_column fusion-builder-column-6 fusion_builder_column_2_3 2_3 fusion-two-third fusion-column-first\" style=\"--awb-bg-size:cover;width:65.3333%; margin-right: 4%;\"><div class=\"fusion-column-wrapper fusion-flex-column-wrapper-legacy\"><div class=\"fusion-text fusion-text-2\" style=\"--awb-text-transform:none;\"><p>We pick you up in the old town or from your hotel, followed by a city tour and drop-off in the old town area.<\/p>\n<p>Via Residenzplatz, Mozartplatz, down to the Salzach, Nonntal, Freisaalweg, Hellbrunner Allee and back via Nonntal, Kaigasse, Kapitelplatz, Domplatz, Sigmund-Haffner-Gasse, Alter Markt, Residenzplatz.<\/p>\n<p>Duration: 50 minutes<br \/>\nPrice per carriage 4-5 people from Euro 245.00<br \/>\nPrice per company carriage 10 people from Euro 450.00<\/p>\n<\/div><div class=\"fusion-clearfix\"><\/div><\/div><\/div><div class=\"fusion-layout-column fusion_builder_column fusion-builder-column-7 fusion_builder_column_1_3 1_3 fusion-one-third fusion-column-last\" style=\"--awb-bg-size:cover;width:30.6666%;\"><div class=\"fusion-column-wrapper fusion-flex-column-wrapper-legacy\"><div class=\"fusion-image-element in-legacy-container\" style=\"--awb-caption-title-font-family:var(--h2_typography-font-family);--awb-caption-title-font-weight:var(--h2_typography-font-weight);--awb-caption-title-font-style:var(--h2_typography-font-style);--awb-caption-title-size:var(--h2_typography-font-size);--awb-caption-title-transform:var(--h2_typography-text-transform);--awb-caption-title-line-height:var(--h2_typography-line-height);--awb-caption-title-letter-spacing:var(--h2_typography-letter-spacing);\"><span class=\" fusion-imageframe imageframe-none imageframe-2 hover-type-none\"><img decoding=\"async\" width=\"300\" height=\"150\" title=\"1203_stadtleben_031_2000px\" src=\"data:image\/svg+xml,%3Csvg%20xmlns%3D%27http%3A%2F%2Fwww.w3.org%2F2000%2Fsvg%27%20width%3D%272000%27%20height%3D%271000%27%20viewBox%3D%270%200%202000%201000%27%3E%3Crect%20width%3D%272000%27%20height%3D%271000%27%20fill-opacity%3D%220%22%2F%3E%3C%2Fsvg%3E\" data-orig-src=\"https:\/\/www.fiaker-salzburg.at\/wp-content\/uploads\/2014\/12\/1203_stadtleben_031_2000px-300x150.jpg\" alt class=\"lazyload img-responsive wp-image-18\"\/><\/span><\/div><div class=\"fusion-clearfix\"><\/div><\/div><\/div><div class=\"fusion-layout-column fusion_builder_column fusion-builder-column-8 fusion_builder_column_1_1 1_1 fusion-one-full fusion-column-first fusion-column-last fusion-column-no-min-height\" style=\"--awb-bg-size:cover;--awb-margin-bottom:0px;\"><div class=\"fusion-column-wrapper fusion-flex-column-wrapper-legacy\"><div class=\"fusion-sep-clear\"><\/div><div class=\"fusion-separator fusion-full-width-sep\" style=\"margin-left: auto;margin-right: auto;width:100%;\"><div class=\"fusion-separator-border sep-single sep-solid\" style=\"--awb-height:20px;--awb-amount:20px;--awb-sep-color:#29305e;border-color:#29305e;border-top-width:1px;\"><\/div><\/div><div class=\"fusion-sep-clear\"><\/div><div class=\"fusion-text fusion-text-3\"><p><a title=\"Fiaker &amp; carriage ride\" href=\"https:\/\/www.fiaker-salzburg.at\/#kontakt\">Contact and inquiry form<\/a><\/p>\n<\/div><div class=\"fusion-clearfix\"><\/div><\/div><\/div><\/div><\/div>\n","protected":false},"excerpt":{"rendered":"","protected":false},"author":1,"featured_media":0,"parent":0,"menu_order":0,"comment_status":"open","ping_status":"open","template":"","meta":{"footnotes":""},"class_list":["post-1295","page","type-page","status-publish","hentry"],"_links":{"self":[{"href":"https:\/\/www.fiaker-salzburg.at\/en\/wp-json\/wp\/v2\/pages\/1295","targetHints":{"allow":["GET"]}}],"collection":[{"href":"https:\/\/www.fiaker-salzburg.at\/en\/wp-json\/wp\/v2\/pages"}],"about":[{"href":"https:\/\/www.fiaker-salzburg.at\/en\/wp-json\/wp\/v2\/types\/page"}],"author":[{"embeddable":true,"href":"https:\/\/www.fiaker-salzburg.at\/en\/wp-json\/wp\/v2\/users\/1"}],"replies":[{"embeddable":true,"href":"https:\/\/www.fiaker-salzburg.at\/en\/wp-json\/wp\/v2\/comments?post=1295"}],"version-history":[{"count":2,"href":"https:\/\/www.fiaker-salzburg.at\/en\/wp-json\/wp\/v2\/pages\/1295\/revisions"}],"predecessor-version":[{"id":1297,"href":"https:\/\/www.fiaker-salzburg.at\/en\/wp-json\/wp\/v2\/pages\/1295\/revisions\/1297"}],"wp:attachment":[{"href":"https:\/\/www.fiaker-salzburg.at\/en\/wp-json\/wp\/v2\/media?parent=1295"}],"curies":[{"name":"wp","href":"https:\/\/api.w.org\/{rel}","templated":true}]}}