{"id":568,"date":"2018-05-25T00:22:43","date_gmt":"2018-05-24T22:22:43","guid":{"rendered":"http:\/\/www.fiaker-salzburg.at\/?page_id=568"},"modified":"2018-05-25T00:22:43","modified_gmt":"2018-05-24T22:22:43","slug":"data-privacy-and-cookie-policy","status":"publish","type":"page","link":"https:\/\/www.fiaker-salzburg.at\/en\/data-privacy-and-cookie-policy\/","title":{"rendered":"Data Privacy and Cookie Policy"},"content":{"rendered":"<h1>DATA PRIVACY STATEMENT<\/h1>\n<p>Your personal data will be processed on our website by Fiaker Winter Fiakerunternehmen seit 1924 | Franz Winter | Kugelhofstra\u00dfe 20\/2 |Phone: +43 662 43 58 94 | Mobile: +43 664 308 17 65 | Fax: +43 662 43 58 94<br \/>\nEmail: <a href=\"mailto:office@fiaker-salzburg.at\">office@fiaker-salzburg.at<\/a> |. The contact details of Firma can be found at <a href=\"https:\/\/www.fiaker-salzburg.at\/en\/impressum\/\">Impressum<\/a>.<\/p>\n<h2>Data Processing Project Manager<\/h2>\n<p>You may contact our data protection Project Manager at Kugelhofstra\u00dfe 20\/2 |Phone: +43 662 43 58 94 | Mobile: +43 664 308 17 65 | Fax: +43 662 43 58 94 |\u00a0Email: <a href=\"mailto:office@fiaker-salzburg.at\">office@fiaker-salzburg.at<\/a><\/p>\n<h2>Data protection<\/h2>\n<p>We take the protection of your personal data very seriously and process your personal data in accordance with the legal data protection provisions and this Data Privacy Statement.<br \/>\nYou may normally use our website without disclosing personal data. To the extent that personal data (such as name, address or email addresses) are collected on our website, this is always voluntary, if possible.<\/p>\n<h2>Processor, recipient<\/h2>\n<p>We process your personal data with the assistance of processors that assist us in connection with providing the services (e.g. web hoster, electronic newsletters).<br \/>\n<!-- Individuell erg\u00e4nzen --><br \/>\nThese processors are obliged to strictly protect your personal data and may process your personal data for no purpose other than the provision of our services.<br \/>\nYour personal data are transferred only to typical commercial service providers such as banks (money is transferred you), tax advisors (you are entered in our accounting system), mail handling service providers (mail is sent to you), etc.<br \/>\n<!-- Individuell erg\u00e4nzen --><\/p>\n<h2>Contact form<\/h2>\n<p>After you have submitted the contact form, the controller will process personal data entered into that form in order to execute your inquiry based on the consent you have given by submitting the form.<br \/>\nYou have no legal or contractual obligation to provide personal data. If you do not provide personal data, you will simply not submit and we cannot process your request.<br \/>\nYou may withdraw your consent at any time in writing, without prejudice to the lawfulness of processing operations that are carried out based on your consent until you exercise your right of withdrawal.<br \/>\n<!-- Nur wenn eine Weiterverarbeitung zum Zweck der (postalischen) Direktwerbung erfolgt, sonst streichen oder Zweck anpassen (betrifft nicht E-Mail-Newsletter, der ist ohnehin getrennt geregelt) --><br \/>\nFurther processing of data compatible with the original purpose of processing will be carried out on the same legal basis for direct marketing in forms for which no consent is necessary, such as sending addressed advertisements by post, until an objection is lodged. In this case, data will be transferred to the mail handling service provider.<br \/>\nYou may object to the use of your personal data for direct marketing at any time by written notice. If you exercise this right, we will cease the processing of your personal data for direct marketing.<\/p>\n<p><!-- Registrierungsformular --><\/p>\n<p>&nbsp;<\/p>\n<h2>Cookies<\/h2>\n<p>This website uses cookies.<br \/>\nCookies are files which enhance the user-friendliness and efficiency of websites. A cookie is a tiny text file, which stores information. When you visit a website, a cookie can be stored on the computer of the person visiting the website. If the user visits the website again, the website can read the data of the previously stored cookie and determine if the user has already visited the website before and which parts of the website are of particular interest for that user.<br \/>\nMore information on cookies is available at<a href=\"\u201chttps:\/\/de.wikipedia.org\/wiki\/HTTP-Cookie\u201c\">WIKIPEDIA<\/a>.<\/p>\n<h3>Cookie settings<\/h3>\n<p>You can adjust the settings of your browser to allow or to block cookies. The location of these settings depends on your browser. Detailed information is available via the help function of your browser.<br \/>\nIf you have disabled cookies, you might not be able to use the full functionality of this website.<\/p>\n<h3>Cookies on our website<\/h3>\n<p>Our website uses the following cookies:<\/p>\n<ul>\n<li>Absolutely necessary content to guarantee fundamental functionality of the website\n<ul>\n<li>Cookie Consent: To store the consent to the use of cookies.<\/li>\n<li>gaOptout, maOptout, fbOptout: To store the opt-out of Google Analytics, Matomo, Facebook Pixel.<\/li>\n<\/ul>\n<\/li>\n<li>Functional cookies to guarantee functionality of the website<\/li>\n<li>Performance cookies to improve user experience.\n<ul>\n<li>Google Analytics (see below)<\/li>\n<li>Facebook Pixel (see below)<\/li>\n<\/ul>\n<\/li>\n<li>Advertising cookies to control advertising campaigns.<\/li>\n<\/ul>\n<h2>Server Log File<\/h2>\n<p>This website uses server log files to process the following personal data in order to monitor technical functionality and to improve the security of operation of the webserver based on the overriding legitimate interest of the controller (technical security measure):<\/p>\n<ul>\n<li>Accessed content<\/li>\n<li>Time of server inquiry<\/li>\n<li>Type \/ version of browser<\/li>\n<li>Applied operating system<\/li>\n<li>Referrer URL<\/li>\n<li>IP address<\/li>\n<li>Host name<\/li>\n<\/ul>\n<p>Such data will be stored only temporarily for four hours on a personalized basis. After this time limit, IP address and host name are anonymized.<\/p>\n<h2>Google Analytics<\/h2>\n<p>This website uses Google Analytics, a web analytic service provided by Google Inc, 1600 Amphitheatre Parkway Mountain View, CA 94043, USA (&#8220;Google&#8221;) on the legal basis of overriding legitimate interest (analysis of website use). For this purpose, we have concluded a data processing agreement with Google.<br \/>\nWhen you visit our website, a software creates a connection to the Google servers and transmits data to the Google servers, some of which are located in the USA. Google Analytics uses cookies to store information on the user of the website and to analyze the website use.<br \/>\nThis website uses the &#8220;IP anonymization&#8221; functionality. Google truncates and therefore anonymizes your IP-address within the Member States of the European Union or in other contracting states of the Agreement on the European Economic Area. Only in exceptional cases will the full IP address be transferred to a Google server in the USA and truncated there.<br \/>\nAccording to Google, Google uses this information to evaluate your use of the website, to compile reports on website activities, and to provide other services relating to website activity and internet use.<br \/>\nGoogle may also transmit that information to third parties, if this is prescribed by law and to the extent that third parties process such data on behalf of Google.<br \/>\nDetailed information on how Google Analytics uses user data can be found in the data privacy statement of Google <a href=\"https:\/\/www.google.com\/intl\/de\/policies\/privacy\/\">Google<\/a> bzw. von <a href=\"https:\/\/support.google.com\/analytics\/answer\/6004245?hl=de\">Google Analytics<\/a>.<\/p>\n<h3>Deactivate Google Analytics<\/h3>\n<ul>\n<li style=\"list-style-type: none\">\n<ul><!-- Den n\u00e4chsten Punkt nur, wenn \u201edoNotTrack\u201c ber\u00fccksichtigt wird. (Die technische Umsetzung findet sich im Quellcode von lawoffice.at) --><\/p>\n<li>You can <strong>generally<\/strong> block the collection of your user data by adjusting the settings of your browser to &#8220;Do Not Track&#8221;. Our website then takes into account the &#8220;Do Not Track&#8221; signal, which your browser then sends to all websites.<\/li>\n<li>You can <strong>generally<\/strong> block the collection of your user data by Google Analytics <strong> by downloading and installing a browser plugin which is available at: <a href=\"https:\/\/tools.google.com\/dlpage\/gaoptout?hl=de\">https:\/\/tools.google.com\/dlpage\/gaoptout?hl=de<\/a><\/strong><\/li>\n<\/ul>\n<\/li>\n<\/ul>\n<p><!-- (Die technische Umsetzung des n\u00e4chsten Punkts findet sich im Quellcode von lawoffice.at) --><\/p>\n<ul>\n<li>You can block the collection of your data by Google Analytics <strong>only on this website<\/strong> by clicking the following link. This allows you to set an opt-out cookie which blocks the collection of your data if you visit this website again: <a>Deactivate Google Analytics <\/a>.<\/li>\n<\/ul>\n<h2>Matomo (Piwik)<\/h2>\n<p>This website uses Matomo, a web analysis tool which analyzes the use of this website by the user on the legal basis of overriding legitimate interest (analysis of website use). This tool is installed on our webserver; data will not be transmitted to third parties.<br \/>\nThis website uses the &#8220;IP anonymization&#8221; functionality, which truncates and therefore anonymizes your IP address and data.<\/p>\n<h3>Deactivate Matomo<\/h3>\n<ul>\n<li style=\"list-style-type: none\">\n<ul><!-- Den n\u00e4chsten Punkt nur, wenn \u201edoNotTrack\u201c ber\u00fccksichtigt wird. (Die technische Umsetzung findet sich im Quellcode von lawoffice.at) --><\/p>\n<li>You can <strong>generally<\/strong> block the collection of your user data on our website by adjusting the settings of your browser to &#8220;Do Not Track&#8221;. Our website will then take into account the &#8220;Do Not Track&#8221; signal which your browser sends to all websites.<\/li>\n<\/ul>\n<\/li>\n<\/ul>\n<p><!-- (Die technische Umsetzung des n\u00e4chsten Punkts findet sich im Quellcode von lawoffice.at) --><\/p>\n<ul>\n<li>You can block the collection of your user data by Matomo by clicking the following link. This allows you to set an opt-out cookie which blocks the collection of your data when you visit this site again: <a>Matomo deaktivieren<\/a>.<\/li>\n<\/ul>\n<p><!-- Es gibt von Matomo auch ein Tool mit Checkbox, die hier gew\u00e4hlte Variante wurde gew\u00e4hlt, damit die Opt-Out-L\u00f6sungen in dieser Datenschutzerkl\u00e4rung einheitlich funktionieren. --><\/p>\n<h2>Facebook Pixel<\/h2>\n<p>This website uses Facebook Pixel, a web analysis service of Facebook Ireland Limited, 4 Grand Canal Square, Dublin 2, Ireland (&#8220;Facebook&#8221;) on the legal basis of overriding legitimate interest (analysis of website use). For this purpose, we have concluded a data processing agreement with Facebook. Data are partly transmitted to the USA. The transmission of data to the USA is based on the privacy shields.<br \/>\nWhen you visit our website, a software creates a connection to the Facebook servers and transmits data to the Facebook servers, some of which are located in the USA. Facebook Pixel uses cookies to store information of the user of the website and to analyze how the user uses our website.<br \/>\nAccording to Facebook, Facebook will use the collected data to evaluate website use, to compile reports on website activity, and to provide other services related to website use and internet activity.<br \/>\nFacebook may also transmit that information to third parties, if this is prescribed by law or if third parties process such data on behalf of Facebook.<br \/>\nDetailed information on how Facebook uses user data can be found in the data privacy statement of <a href=\"https:\/\/www.facebook.com\/privacy\/explanation\">Facebook<\/a>.<\/p>\n<h3>Deactivate Facebook Pixel<\/h3>\n<ul>\n<li style=\"list-style-type: none\">\n<ul><!-- Den n\u00e4chsten Punkt nur, wenn \u201edoNotTrack\u201c ber\u00fccksichtigt wird. (Die technische Umsetzung findet sich im Quellcode von lawoffice.at) --><\/p>\n<li>You can <strong>generally<\/strong> block the collection of your user data by adjusting the settings of your browser to &#8220;Do Not Track&#8221;. Our website will then take into account the &#8220;Do Not Track&#8221; signal, which your browser then sends to all websites.<\/li>\n<\/ul>\n<\/li>\n<\/ul>\n<p><!-- (Die technische Umsetzung des n\u00e4chsten Punkts findet sich im Quellcode von lawoffice.at) --><\/p>\n<ul>\n<li>You can block the collection of your user data by Facebook Pixel <strong>only on this website<\/strong> by clicking the following link. This allows you to set an opt-out cookie which blocks the collection of your data when you visit this website again: <a href=\"javacript:fbOptout()\">Facebook Pixel deaktivieren<\/a>.<\/li>\n<\/ul>\n<h2>Share Buttons<\/h2>\n<p>Some of our website pages use buttons, which allow you to share content on the social media platforms Facebook, Google Plus, Instagram, Linkedin, Pinterest, Tumblr, Twitter, XING and Youtube.<br \/>\nTo ensure the protection of personal data of users who visit our website, these buttons are perfectly designed, because the script behind the button (computer programme) does not collect or process any personal data. <a href=\"\u201chttps:\/\/ct.de\/-2467514\u201c\">Accurate information<\/a> on the functionality of the buttons is available from Heise Verlag which publishes the c\u2019t IT magazine and has developed the buttons.<br \/>\nUsers of the website who want to share our website and click the buttons will directly get to the &#8220;share&#8221; pages of the relevant social media platforms. Only then will the scripts necessary to share the content be loaded. The terms and conditions and data protection provisions agreed between the user and the relevant social media platforms will then apply. Details can be found at the relevant platforms <a href=\"\u201chttps:\/\/www.facebook.com\/policy.php\">Facebook<\/a>, <a href=\"\u201chttps:\/\/www.google.com\/intl\/de\/policies\/privacy\/\">Google Plus<\/a>, <a href=\"\u201chttps:\/\/instagram.com\/about\/legal\/privacy\/\u201c\">Instagram<\/a>, <a href=\"\u201chttps:\/\/www.linkedin.com\/legal\/privacy-policy\u201c\">Linkedin<\/a>, <a href=\"\u201chttps:\/\/about.pinterest.com\/de\/privacy-policy\u201c\">Pinterest<\/a>, <a href=\"\u201chttps:\/\/twitter.com\/de\/privacy\u201c\">Twitter<\/a>, <a href=\"\u201chttps:\/\/www.xing.com\/privacy\u201c\">XING<\/a>.<\/p>\n<h2>Your rights<\/h2>\n<p>You have the right to information, to rectification and erasure of personal data, and to limitation of the processing of personal data.<br \/>\nTo the extent that your personal data are processed on the legal basis of your consent or in reliance on a contract concluded with you, you have also the right to data portability.<br \/>\nYou have the right to withdraw your consent to the processing of your personal data. This will not affect the lawfulness of processing of personal data until you have exercised your right of withdrawal.<br \/>\nYou have the right to object to the processing of your personal data for direct marketing. If you exercise that right, we will cease the processing of your personal data for direct marketing.<br \/>\nYou have also the right to send a complaint to the supervisory authority (\u00d6sterreichische Datenschutzbeh\u00f6rde, Wickenburggasse 8, 1080 Wien, dsb@dsb.gv.at).<\/p>\n","protected":false},"excerpt":{"rendered":"<p>DATA PRIVACY STATEMENT Your personal data will be processed on our website by Fiaker Winter Fiakerunternehmen seit 1924 | Franz Winter | Kugelhofstra\u00dfe 20\/2 |Phone: +43 662 43 58 94 | Mobile: +43 664 308 17 65 | Fax: +43 662 43 58 94 Email: office@fiaker-salzburg.at |. The contact details of Firma can be found  [&#8230;]<\/p>\n","protected":false},"author":1,"featured_media":0,"parent":0,"menu_order":0,"comment_status":"closed","ping_status":"closed","template":"","meta":{"footnotes":""},"class_list":["post-568","page","type-page","status-publish","hentry"],"_links":{"self":[{"href":"https:\/\/www.fiaker-salzburg.at\/en\/wp-json\/wp\/v2\/pages\/568","targetHints":{"allow":["GET"]}}],"collection":[{"href":"https:\/\/www.fiaker-salzburg.at\/en\/wp-json\/wp\/v2\/pages"}],"about":[{"href":"https:\/\/www.fiaker-salzburg.at\/en\/wp-json\/wp\/v2\/types\/page"}],"author":[{"embeddable":true,"href":"https:\/\/www.fiaker-salzburg.at\/en\/wp-json\/wp\/v2\/users\/1"}],"replies":[{"embeddable":true,"href":"https:\/\/www.fiaker-salzburg.at\/en\/wp-json\/wp\/v2\/comments?post=568"}],"version-history":[{"count":0,"href":"https:\/\/www.fiaker-salzburg.at\/en\/wp-json\/wp\/v2\/pages\/568\/revisions"}],"wp:attachment":[{"href":"https:\/\/www.fiaker-salzburg.at\/en\/wp-json\/wp\/v2\/media?parent=568"}],"curies":[{"name":"wp","href":"https:\/\/api.w.org\/{rel}","templated":true}]}}